{"id":31,"date":"2013-03-22T14:19:51","date_gmt":"2013-03-22T14:19:51","guid":{"rendered":"https:\/\/auto-repair.vamtam.com\/?page_id=31"},"modified":"2020-11-27T21:21:47","modified_gmt":"2020-11-27T18:21:47","slug":"iletisim","status":"publish","type":"page","link":"https:\/\/www.xn--gkonarm-uxa8kpc29ab.com\/v5\/iletisim\/","title":{"rendered":"\u0130leti\u015fim"},"content":{"rendered":"<div class=\"row \"><div class=\"wpv-grid grid-1-1  wpv-first-level first unextended\" style=\"padding-top:0px;padding-bottom:0px\" id=\"wpv-column-9b44e1a0bf89510f8da64b5a3763389d\" >\t\t<div class=\"sep-text single centered\">\n\t\t\t\t\t\t\t<span class=\"sep-text-before\"><span class=\"sep-text-line\"><\/span><\/span>\n\t\t\t\t\t\t<div class=\"content\">\n\t\t\t\t<h2 class=\"text-divider-double\">Bursa, T\u00dcRK\u0130YE<\/h2>\t\t\t<\/div>\n\t\t\t<span class=\"sep-text-after\"><span class=\"sep-text-line\"><\/span><\/span>\n\t\t\t\t\t<\/div>\n\t<div class=\"row \"><div class=\"wpv-grid grid-1-3  first unextended animation-fade-in animated-active\" style=\"padding-top:0px;padding-bottom:0px\" id=\"wpv-column-48e0ae887a035de393d549f8da8f786f\" ><p style=\"text-align: center;\"><span class='icon shortcode theme  use-hover' style='color:#3b51b5;font-size:32px !important;'>&#57547;<\/span>\n<p style=\"text-align: center;\">Yeni Yalova Yolu 2. km. No 324<br \/>\nOsmangazi\/Bursa<\/div>\n<div class=\"wpv-grid grid-1-3  unextended animation-fade-in animated-active\" style=\"padding-top:0px;padding-bottom:0px\" id=\"wpv-column-cf8ba95ee96ab76c1318d4de4399c060\" ><p style=\"text-align: center;\"><span class='icon shortcode theme  use-hover' style='color:#3b51b5;font-size:32px !important;'>&#57471;<\/span>\n<p style=\"text-align: center;\">Telefon: <a href=\"tel:02242155516\">0 224 215 55 16<\/a><br \/>\nTelefon: <a href=\"tel:02242158536\">0 224 215 85 36<\/a><\/p>\n<p style=\"text-align: center;\">Fax: 0224 215 86 36<\/p>\n<p style=\"text-align: center;\">Cep telefonu :&nbsp;<a href=\"tel:05426211832\">0542 621 18 32<\/a><\/p>\n<p style=\"text-align: center;\">E-mail : info@g\u00f6\u00e7\u00fckonar\u0131m\u0131.com<\/div>\n<div class=\"wpv-grid grid-1-3  unextended animation-fade-in animated-active\" style=\"padding-top:0px;padding-bottom:0px\" id=\"wpv-column-d6b9ac1ed5eeb021fe7b7d6549de417c\" ><p style=\"text-align: center;\"><span class='icon shortcode theme  use-hover' style='color:#3b51b5;font-size:32px !important;'>&#57530;<\/span>\n<p style=\"text-align: center;\">Haftai\u00e7i&nbsp;08:00 \u2013 22:00<\/p>\n<p style=\"text-align: center;\">Cumartesi&nbsp;08:00 \u2013 18:00<\/p>\n<p style=\"text-align: center;\">Pazar:&nbsp;Kapal\u0131<\/div><\/div>\n<div class=\"push \" style=\"margin-bottom:-40px\"><\/div>\n<div class=\"sep-3\"><\/div>\n<div class=\"row \"><div class=\"wpv-grid grid-1-1  first unextended animation-zoom-in animated-active\" style=\"padding-top:0px;padding-bottom:0px\" id=\"wpv-column-9ac041bfc4a6bcd478e59a0f92dc6034\" ><div class=\"push \" style=\"margin-bottom:-10px\"><\/div>\n<p style=\"text-align: center;\"><a href=\"#\"> <span class='icon shortcode   use-hover' style='color:#A7D9EE;font-size:16px !important;'>&#58155;<\/span><\/a> &nbsp;&nbsp;&nbsp;<a href=\"#\"><span class='icon shortcode   use-hover' style='color:#A7D9EE;font-size:16px !important;'>&#58159;<\/span><\/a> &nbsp;&nbsp;&nbsp;<a href=\"#\"><span class='icon shortcode   use-hover' style='color:#A7D9EE;font-size:16px !important;'>&#58165;<\/span><\/a> <div class=\"push \" style=\"height:20px\"><\/div><\/div><\/div><\/div><\/div>\n<div class=\"row \"><div class=\"wpv-grid grid-1-1  wpv-first-level first has-background extended\" style=\"background-color:#f5f5f5;padding-top:60px;padding-bottom:40px\" id=\"wpv-column-5ac7a58c8176219b4c1087e23c47486e\" ><div class=\"extended-column-inner\"><style>#wpv-column-5ac7a58c8176219b4c1087e23c47486e p,#wpv-column-5ac7a58c8176219b4c1087e23c47486e em,#wpv-column-5ac7a58c8176219b4c1087e23c47486e .column-title,#wpv-column-5ac7a58c8176219b4c1087e23c47486e .sep-text h2.regular-title-wrapper,#wpv-column-5ac7a58c8176219b4c1087e23c47486e .text-divider-double,#wpv-column-5ac7a58c8176219b4c1087e23c47486e .sep-text .sep-text-line,#wpv-column-5ac7a58c8176219b4c1087e23c47486e .sep,#wpv-column-5ac7a58c8176219b4c1087e23c47486e .sep-2,#wpv-column-5ac7a58c8176219b4c1087e23c47486e .sep-3,#wpv-column-5ac7a58c8176219b4c1087e23c47486e td,#wpv-column-5ac7a58c8176219b4c1087e23c47486e th,#wpv-column-5ac7a58c8176219b4c1087e23c47486e caption{color:#767676;}#wpv-column-5ac7a58c8176219b4c1087e23c47486e:before{background-color:transparent;}<\/style><div class=\"row \"><div class=\"wpv-grid grid-1-1  first unextended animation-from-bottom animated-active\" style=\"padding-top:0px;padding-bottom:0px\" id=\"wpv-column-ba14319184cacd477b450c10f9272af7\" ><p>\n<div class=\"wpcf7 no-js\" id=\"wpcf7-f9965-o1\" lang=\"en-US\" dir=\"ltr\">\n<div class=\"screen-reader-response\"><p role=\"status\" aria-live=\"polite\" aria-atomic=\"true\"><\/p> <ul><\/ul><\/div>\n<form action=\"\/v5\/wp-json\/wp\/v2\/pages\/31#wpcf7-f9965-o1\" method=\"post\" class=\"wpcf7-form init\" aria-label=\"Contact form\" novalidate=\"novalidate\" data-status=\"init\">\n<div style=\"display: none;\">\n<input type=\"hidden\" name=\"_wpcf7\" value=\"9965\" \/>\n<input type=\"hidden\" name=\"_wpcf7_version\" value=\"5.9.8\" \/>\n<input type=\"hidden\" name=\"_wpcf7_locale\" value=\"en_US\" \/>\n<input type=\"hidden\" name=\"_wpcf7_unit_tag\" value=\"wpcf7-f9965-o1\" \/>\n<input type=\"hidden\" name=\"_wpcf7_container_post\" value=\"0\" \/>\n<input type=\"hidden\" name=\"_wpcf7_posted_data_hash\" value=\"\" \/>\n<\/div>\n<div class=\"row\">\n\t<div class=\"grid-1-3\">\n\t\t<p><span class=\"wpcf7-form-control-wrap\" data-name=\"Name\"><input size=\"40\" maxlength=\"400\" class=\"wpcf7-form-control wpcf7-text wpcf7-validates-as-required\" aria-required=\"true\" aria-invalid=\"false\" placeholder=\"Ad &amp; Soyad\" value=\"\" type=\"text\" name=\"Name\" \/><\/span>\n\t\t<\/p>\n\t<\/div>\n\t<div class=\"grid-1-3\">\n\t\t<p><span class=\"wpcf7-form-control-wrap\" data-name=\"E-mail\"><input size=\"40\" maxlength=\"400\" class=\"wpcf7-form-control wpcf7-text wpcf7-validates-as-required\" aria-required=\"true\" aria-invalid=\"false\" placeholder=\"E-mail\" value=\"\" type=\"text\" name=\"E-mail\" \/><\/span>\n\t\t<\/p>\n\t<\/div>\n\t<div class=\"grid-1-3\">\n\t\t<p><span class=\"wpcf7-form-control-wrap\" data-name=\"Phone\"><input size=\"40\" maxlength=\"400\" class=\"wpcf7-form-control wpcf7-text\" aria-invalid=\"false\" placeholder=\"Telefon\" value=\"\" type=\"text\" name=\"Phone\" \/><\/span>\n\t\t<\/p>\n\t<\/div>\n\t<div class=\"grid-1-1\">\n\t\t<p><span class=\"wpcf7-form-control-wrap\" data-name=\"Subject\"><input size=\"40\" maxlength=\"400\" class=\"wpcf7-form-control wpcf7-text wpcf7-validates-as-required\" aria-required=\"true\" aria-invalid=\"false\" placeholder=\"Konu\" value=\"\" type=\"text\" name=\"Subject\" \/><\/span>\n\t\t<\/p>\n\t<\/div>\n\t<div class=\"grid-1-1\">\n\t\t<p><span class=\"wpcf7-form-control-wrap\" data-name=\"Message\"><textarea cols=\"40\" rows=\"6\" maxlength=\"2000\" class=\"wpcf7-form-control wpcf7-textarea wpcf7-validates-as-required\" aria-required=\"true\" aria-invalid=\"false\" placeholder=\"Mesaj\u0131n\u0131z\" name=\"Message\"><\/textarea><\/span>\n\t\t<\/p>\n\t<\/div>\n\t<div style= \"text-align: center;\">\n\t\t<p><input class=\"wpcf7-form-control wpcf7-submit has-spinner\" type=\"submit\" value=\"G\u00f6nder \u2192\" \/>\n\t\t<\/p>\n\t<\/div>\n<\/div><div class=\"wpcf7-response-output\" aria-hidden=\"true\"><\/div>\n<\/form>\n<\/div>\n<\/div><\/div><\/div><\/div><\/div>\n","protected":false},"excerpt":{"rendered":"<p>Yeni Yalova Yolu 2. km. No 324 Osmangazi\/Bursa Telefon: 0 224 215 55 16 Telefon: 0 224 215 85 36 Fax: 0224 215 86 36 Cep telefonu :&nbsp;0542 621 18 32 E-mail : info@g\u00f6\u00e7\u00fckonar\u0131m\u0131.com Haftai\u00e7i&nbsp;08:00 \u2013 22:00 Cumartesi&nbsp;08:00 \u2013 18:00 Pazar:&nbsp;Kapal\u0131 &nbsp;&nbsp;&nbsp; &nbsp;&nbsp;&nbsp;<\/p>\n","protected":false},"author":1,"featured_media":0,"parent":0,"menu_order":3,"comment_status":"closed","ping_status":"closed","template":"","meta":{"footnotes":""},"class_list":["post-31","page","type-page","status-publish","hentry"],"_links":{"self":[{"href":"https:\/\/www.xn--gkonarm-uxa8kpc29ab.com\/v5\/wp-json\/wp\/v2\/pages\/31"}],"collection":[{"href":"https:\/\/www.xn--gkonarm-uxa8kpc29ab.com\/v5\/wp-json\/wp\/v2\/pages"}],"about":[{"href":"https:\/\/www.xn--gkonarm-uxa8kpc29ab.com\/v5\/wp-json\/wp\/v2\/types\/page"}],"author":[{"embeddable":true,"href":"https:\/\/www.xn--gkonarm-uxa8kpc29ab.com\/v5\/wp-json\/wp\/v2\/users\/1"}],"replies":[{"embeddable":true,"href":"https:\/\/www.xn--gkonarm-uxa8kpc29ab.com\/v5\/wp-json\/wp\/v2\/comments?post=31"}],"version-history":[{"count":3,"href":"https:\/\/www.xn--gkonarm-uxa8kpc29ab.com\/v5\/wp-json\/wp\/v2\/pages\/31\/revisions"}],"predecessor-version":[{"id":10368,"href":"https:\/\/www.xn--gkonarm-uxa8kpc29ab.com\/v5\/wp-json\/wp\/v2\/pages\/31\/revisions\/10368"}],"wp:attachment":[{"href":"https:\/\/www.xn--gkonarm-uxa8kpc29ab.com\/v5\/wp-json\/wp\/v2\/media?parent=31"}],"curies":[{"name":"wp","href":"https:\/\/api.w.org\/{rel}","templated":true}]}}