{"id":7778,"date":"2014-04-23T10:38:38","date_gmt":"2014-04-23T10:38:38","guid":{"rendered":"https:\/\/auto-repair.vamtam.com\/?page_id=7778"},"modified":"2017-10-14T17:11:50","modified_gmt":"2017-10-14T14:11:50","slug":"hakkimizda","status":"publish","type":"page","link":"https:\/\/www.xn--gkonarm-uxa8kpc29ab.com\/v5\/hakkimizda\/","title":{"rendered":"Hakk\u0131m\u0131zda"},"content":{"rendered":"<div class=\"row \"><div class=\"wpv-grid grid-1-1  wpv-first-level first unextended animation-from-bottom animated-active\" style=\"padding-top:0px;padding-bottom:0px\" id=\"wpv-column-d1f64387cb9e95ec56df05ada451a5be\" ><h3><\/h3>\n<h3><\/h3>\n<h3><\/h3>\n<h2 style=\"text-align: center;\">\u201cT\u0131rmanmaya devam edersen her da\u011f\u0131n tepesine ula\u015f\u0131labilir.\u201d<\/h2>\n<div class=\"push \" style=\"height:20px\"><\/div>\n<h3 style=\"text-align: center;\"><\/h3><\/div><\/div>\n<div class=\"row \"><div class=\"wpv-grid grid-3-4  wpv-first-level first unextended\" style=\"padding-top:0px;padding-bottom:0px\" id=\"wpv-column-062721f7401cda3b8ef1c5b6f3a9404b\" ><div class=\"row \"><div class=\"wpv-grid grid-1-3  first unextended animation-from-bottom animated-active\" style=\"padding-top:0px;padding-bottom:0px\" id=\"wpv-column-8021fa0f4096a1ea33eb7c7db770e7a6\" ><div class=\"clearfix dropcap-wrapper\"><div class=\"dropcap-left\"><span class='dropcap1 '>1<\/span><\/div><div class=\"dropcap-text\">Hakk\u0131m\u0131zda<\/div> <\/div> <div class=\"push \" style=\"height:20px\"><\/div>K\u0131smet Otomotiv&#8217;in s\u00fcrekli kendini yenileyen yap\u0131s\u0131, teknolojiyi \u00fcst seviyede kullanma iste\u011fi, m\u00fcsteri odakl\u0131 hizmet anlay\u0131\u015f\u0131, elde etmi\u015f oldu\u011fu bilgi ve 21 y\u0131ll\u0131k tecr\u00fcbe ile yeti\u015fmi\u015f uzman kadrosu ile yerli ve yabanc\u0131 marka ara\u00e7lara kaliteli servis hizmeti vermeyi kendisine ama\u00e7 edinmistir.<\/div>\n<div class=\"wpv-grid grid-1-3  unextended animation-from-bottom animated-active\" style=\"padding-top:0px;padding-bottom:0px\" id=\"wpv-column-36e5a1b698e5e29b1b46ed0a242f7faf\" ><div class=\"clearfix dropcap-wrapper\"><div class=\"dropcap-left\"><span class='dropcap1 '>2<\/span><\/div><div class=\"dropcap-text\">Vizyonumuz<\/div> <\/div> <div class=\"push \" style=\"height:20px\"><\/div>Otomotiv sekt\u00f6r\u00fcnde ko\u015fullar\u0131n gereklerini yerine getirebilmek ve m\u00fc\u015fterilerimize daha kaliteli hizmeti verebilmek i\u00e7in organizasyonumuzu devaml\u0131 geli\u015ftirmekteyiz. Geli\u015fen piyasa ve d\u00fcnya \u015fartlar\u0131na haz\u0131rl\u0131kl\u0131 olmak ve hedeflerimize ula\u015fmak i\u00e7in \u00e7al\u0131\u015fmalar\u0131m\u0131z\u0131 s\u00fcrd\u00fcrmekteyiz.<\/div>\n<div class=\"wpv-grid grid-1-3  unextended animation-from-bottom animated-active\" style=\"padding-top:0px;padding-bottom:0px\" id=\"wpv-column-9b8aa542ebadb0d320d671094762351d\" ><div class=\"clearfix dropcap-wrapper\"><div class=\"dropcap-left\"><span class='dropcap1 '>3<\/span><\/div><div class=\"dropcap-text\">Misyonumuz<\/div> <\/div> <div class=\"push \" style=\"height:20px\"><\/div>M\u00fc\u015fteri memnuniyetine en fazla \u00f6nem veren servis olma amac\u0131m\u0131z\u0131 ger\u00e7ekle\u015ftirmek i\u00e7in \u00e7al\u0131\u015fmalar\u0131m\u0131z devam edecektir.<\/div><\/div>\n<div class=\"row \"><div class=\"wpv-grid grid-1-1  first unextended\" style=\"padding-top:0px;padding-bottom:0px\" id=\"wpv-column-ece91f6ae86f4361bef57ee5cbe76ed9\" ><p><iframe loading=\"lazy\" src=\"https:\/\/www.youtube.com\/embed\/bhQ1LiDBYC4?rel=0&amp;showinfo=0\" width=\"800\" height=\"600\" frameborder=\"0\" allowfullscreen=\"allowfullscreen\"><\/iframe><\/div><\/div><\/div>\n<div class=\"wpv-grid grid-1-4  wpv-first-level unextended\" style=\"padding-top:0px;padding-bottom:0px\" id=\"wpv-column-3091cb9bd87bb6ed59e4dc588126c7b9\" ><div class=\"row \"><div class=\"wpv-grid grid-1-1 add-border first unextended animation-from-bottom animated-active\" style=\"padding-top:30px;padding-bottom:30px\" id=\"wpv-column-14d9fd74c5fe9a4c7a24d22fba121b16\" ><div class=\"row \"><div class=\"wpv-grid grid-5-6  first unextended\" style=\"padding-top:0px;padding-bottom:0px\" id=\"wpv-column-014fff218c30738742a16a5738599771\" ><p style=\"padding-left: 10px; text-align: center;\"><span class='icon shortcode theme  use-hover' style='color:#A7D9EE;font-size:32px !important;'>&#57469;<\/span>\n<h1 style=\"padding-left: 10px; text-align: center;\">24 saat destek<\/h1>\n<h2 style=\"text-align: center;\"><span class=\"accent-5\"><a href=\"tel:05372988787\">0537 298 87 87<\/a><\/span><\/h2>\n<p style=\"padding-left: 10px; text-align: center;\">Telefon-1: <a href=\"tel:02242155516\">0 224 215 55 16<\/a><br \/>\nTelefon-2 :\u00a0<a href=\"tel:02242158536\">0 224 215 85 36<\/a><\/div><\/div><\/div><\/div>\n<div class=\"push  wpv-hide-lowres\" style=\"height:30px\"><\/div>\n<div class=\"row \"><div class=\"wpv-grid grid-1-1 add-border first unextended animation-from-bottom animated-active\" style=\"padding-top:30px;padding-bottom:30px\" id=\"wpv-column-e665be0fd1d0364c0f1a97c9b1af02bd\" ><div class=\"row \"><div class=\"wpv-grid grid-1-1  first unextended\" style=\"padding-top:0px;padding-bottom:0px\" id=\"wpv-column-5743bd9da32a4c9a5d7c5dca741bbe32\" ><p style=\"padding-left: 10px; text-align: center;\"><span class='icon shortcode theme  use-hover' style='color:#A7D9EE;font-size:32px !important;'>&#57530;<\/span>\n<h2 style=\"text-align: center;\">\u00a0 \u00a0 \u00a0 \u00a0 \u00a0 \u00a0 \u00a0 \u00a0 \u00a0 \u00a0 \u00a0 \u00a0 \u00a0 \u00a0 \u00a0\u00c7al\u0131\u015fma saatlerimiz<\/h2>\n<table style=\"margin-left: 2px;\">\n<tbody>\n<tr>\n<td>Hafta \u0130\u00e7i:<\/td>\n<td style=\"text-align: right;\">\u00a008:00 \u2013 22:00<\/td>\n<\/tr>\n<tr>\n<td>Cumartesi:<\/td>\n<td style=\"text-align: right;\">\u00a008:00 \u2013 18:00<\/td>\n<\/tr>\n<tr>\n<td>Pazar:<\/td>\n<td style=\"text-align: right;\">\u00a0CLOSED<\/td>\n<\/tr>\n<tr>\n<td>Acil durumlar:<\/td>\n<td style=\"text-align: right;\">\u00a024 \/ 7<\/td>\n<\/tr>\n<\/tbody>\n<\/table><\/div><\/div><\/div><\/div><\/div><\/div>\n<div class=\"row \"><div class=\"wpv-grid grid-1-1  wpv-first-level first unextended animation-zoom-in animated-active\" style=\"padding-top:0px;padding-bottom:0px\" id=\"wpv-column-a72dfb9c34360a0a51e869bee36e6745\" ><div class=\"sep-3\"><\/div><\/div><\/div>\n<div class=\"push \" style=\"height:30px\"><\/div>\n<div class=\"push  wpv-hide-lowres\" style=\"height:60px\"><\/div>\n<div class=\"push \" style=\"margin-bottom:-26px\"><\/div>\n<div class=\"row \"><div class=\"wpv-grid grid-1-1  wpv-first-level first unextended animation-fade-in animated-active\" style=\"padding-top:0px;padding-bottom:0px\" id=\"wpv-column-f5aac00c300c354dc60c92720ad5186f\" ><div class=\"row \"><div class=\"wpv-grid grid-1-1  first unextended\" style=\"padding-top:0px;padding-bottom:0px\" id=\"wpv-column-1ebcbd708e4e73ec7334cbbf6329b232\" ><p><\/div><\/div><\/div><\/div>\n","protected":false},"excerpt":{"rendered":"<p>\u201cT\u0131rmanmaya devam edersen her da\u011f\u0131n tepesine ula\u015f\u0131labilir.\u201d K\u0131smet Otomotiv&#8217;in s\u00fcrekli kendini yenileyen yap\u0131s\u0131, teknolojiyi \u00fcst seviyede kullanma iste\u011fi, m\u00fcsteri odakl\u0131 hizmet anlay\u0131\u015f\u0131, elde etmi\u015f oldu\u011fu bilgi ve 21 y\u0131ll\u0131k tecr\u00fcbe ile yeti\u015fmi\u015f uzman kadrosu ile yerli ve yabanc\u0131 marka ara\u00e7lara kaliteli servis hizmeti vermeyi kendisine ama\u00e7 edinmistir. Otomotiv sekt\u00f6r\u00fcnde ko\u015fullar\u0131n gereklerini yerine getirebilmek ve m\u00fc\u015fterilerimize&#8230;<\/p>\n","protected":false},"author":1,"featured_media":0,"parent":0,"menu_order":0,"comment_status":"closed","ping_status":"closed","template":"","meta":{"footnotes":""},"class_list":["post-7778","page","type-page","status-publish","hentry"],"_links":{"self":[{"href":"https:\/\/www.xn--gkonarm-uxa8kpc29ab.com\/v5\/wp-json\/wp\/v2\/pages\/7778"}],"collection":[{"href":"https:\/\/www.xn--gkonarm-uxa8kpc29ab.com\/v5\/wp-json\/wp\/v2\/pages"}],"about":[{"href":"https:\/\/www.xn--gkonarm-uxa8kpc29ab.com\/v5\/wp-json\/wp\/v2\/types\/page"}],"author":[{"embeddable":true,"href":"https:\/\/www.xn--gkonarm-uxa8kpc29ab.com\/v5\/wp-json\/wp\/v2\/users\/1"}],"replies":[{"embeddable":true,"href":"https:\/\/www.xn--gkonarm-uxa8kpc29ab.com\/v5\/wp-json\/wp\/v2\/comments?post=7778"}],"version-history":[{"count":29,"href":"https:\/\/www.xn--gkonarm-uxa8kpc29ab.com\/v5\/wp-json\/wp\/v2\/pages\/7778\/revisions"}],"predecessor-version":[{"id":10203,"href":"https:\/\/www.xn--gkonarm-uxa8kpc29ab.com\/v5\/wp-json\/wp\/v2\/pages\/7778\/revisions\/10203"}],"wp:attachment":[{"href":"https:\/\/www.xn--gkonarm-uxa8kpc29ab.com\/v5\/wp-json\/wp\/v2\/media?parent=7778"}],"curies":[{"name":"wp","href":"https:\/\/api.w.org\/{rel}","templated":true}]}}